{"id":11591,"date":"2023-06-08T13:30:16","date_gmt":"2023-06-08T11:30:16","guid":{"rendered":"https:\/\/trasparenza.bordighera.it\/?page_id=11591"},"modified":"2026-01-08T13:56:24","modified_gmt":"2026-01-08T12:56:24","slug":"consiglio-comunale-2023-2028","status":"publish","type":"page","link":"https:\/\/trasparenza.bordighera.it\/index.php\/amministrazione-2\/consiglio-comunale-2023-2028\/","title":{"rendered":"Consiglio Comunale &#8211; 2023\/2025"},"content":{"rendered":"<p>Oltre ai sottoelencati Consiglieri il Consiglio Comunale \u00e8 composto dal Sindaco e dai membri della Giunta Comunale il cui elenco \u00e8 visibile <strong><em>qui.<\/em><\/strong><\/p>\n<p><em>Attenzione: la pagina \u00e8 in corso di aggiornamento.<\/em><\/p>\n<p>Dott. Vittorio Ingenito &#8211; Sindaco <em>(<\/em><a href=\"http:\/\/trasparenza.bordighera.it\/wp-content\/uploads\/2023\/10\/C.V.-Vittorio-Ingenito.pdf\"><em>curriculum Vittorio Ingenito<\/em><\/a><em>)<br \/>\n<\/em>Durata del mandato: 5 anni dal 15 maggio 2023<br \/>\nCompensi di qualsiasi natura connessi alla carica: indennit\u00e0 di funzione<br \/>\nDeleghe: Turismo e Cultura &#8211; Urbanistica ed Edilizia Privata &#8211; Bilancio &#8211; Sanit\u00e0 \u2013 Manutenzioni e Arredo Urbano \u2013 Sport \u2013 Affari Legali;<br \/>\n( link <em><a href=\"http:\/\/trasparenza.bordighera.it\/wp-content\/uploads\/2025\/04\/dich.sost_.-Vittorio-Ingenito.pdf\">dich.sost. Vittorio Ingenito<\/a><\/em>)<\/p>\n<p>Sig. Marco Lagan\u00e0 &#8211; Vicesindaco (<em><a href=\"http:\/\/trasparenza.bordighera.it\/wp-content\/uploads\/2024\/01\/C.V.-Cons.-Marco-Lagana.pdf\">curriculum Marco Lagan\u00e0<\/a><\/em>)<br \/>\nDurata del mandato: scadenza mandato sindaco<br \/>\nCompensi di qualsiasi natura connessi alla carica: indennit\u00e0 di funzione<br \/>\nDeleghe: Lavori\u00a0 Pubblici &#8211; Servizio di depurazione &#8211; Porto &#8211; Spiagge &#8211; Ecologia e Ambiente;<br \/>\n( link <em><a href=\"http:\/\/trasparenza.bordighera.it\/wp-content\/uploads\/2025\/04\/dich.sost_.-Marco-Lagana.pdf\">dich.sost. Marco Lagan\u00e0<\/a><\/em>)<\/p>\n<p>Sig.ra Melina Rod\u00e0 &#8211;\u00a0 Assessore <em>(<a href=\"http:\/\/trasparenza.bordighera.it\/wp-content\/uploads\/2023\/10\/C.V.-Melina-Roda.pdf\">curriculum Melina Rod\u00e0<\/a>)<\/em><br \/>\nDurata del mandato: scadenza mandato sindaco<br \/>\nCompensi di qualsiasi natura connessi alla carica:\u00a0indennit\u00e0 di funzione<br \/>\nDeleghe: Manifestazioni &#8211; Frazioni &#8211; Patrimonio &#8211; Personale;<br \/>\n( link <em><a href=\"http:\/\/trasparenza.bordighera.it\/wp-content\/uploads\/2025\/04\/dich.sost_.-Melina-Roda.pdf\">dich.sost. Melina Rod\u00e0<\/a><\/em>)<\/p>\n<p>Sig.ra Martina Sferrazza &#8211; Assessore <em>(<a href=\"http:\/\/trasparenza.bordighera.it\/wp-content\/uploads\/2023\/10\/C.V.-Martina-Sferrazza.pdf\">curriculum Martina Sferrazza<\/a>)<\/em><br \/>\nDurata del mandato: scadenza mandato sindaco<br \/>\nCompensi di qualsiasi natura connessi alla carica: indennit\u00e0 di funzione<br \/>\nDeleghe:\u00a0 Scuole &#8211; Commercio e Artigianato &#8211; Servizi Sociali &#8211; Servizi Cimiteriali, Elettorale, Anagrafe e Stato Civile;<br \/>\n( link <em><a href=\"http:\/\/trasparenza.bordighera.it\/wp-content\/uploads\/2025\/04\/dich.sost_.-Martina-Sferrazza.pdf\">dich.sost. Martina Sferrazza<\/a><\/em>)<\/p>\n<p>Sig. Giovanni Allavena &#8211;\u00a0 Assessore<em> (<a href=\"http:\/\/trasparenza.bordighera.it\/wp-content\/uploads\/2023\/10\/C.V.-Giovanni-Allavena.pdf\">curriculum Giovanni Allavena<\/a>)<\/em><br \/>\nDurata del mandato: scadenza mandato sindaco<br \/>\nCompensi di qualsiasi natura connessi alla carica: indennit\u00e0 di funzione<br \/>\nDeleghe: Polizia Municipale e Protezione civile &#8211; Giardini &#8211; Grandi Infrastrutture &#8211; Nettezza Urbana &#8211; Agricoltura;<br \/>\n( link <em><a href=\"http:\/\/trasparenza.bordighera.it\/wp-content\/uploads\/2025\/04\/dich.sost_.-Giovanni-Allavena.pdf\">dich.sost. Giovanni Allavena<\/a><\/em>)<\/p>\n<p>Dott. Stefano Gnutti &#8211; Presidente del Consiglio Comunale <em>(<a href=\"http:\/\/trasparenza.bordighera.it\/wp-content\/uploads\/2023\/10\/C.V.-Stefano-Gnutti.pdf\">curriculum Stefano Gnutti)<\/a><\/em><br \/>\nDurata del mandato: scadenza mandato sindaco<br \/>\nCompensi di qualsiasi natura connessi alla carica: indennit\u00e0 di funzione<br \/>\nConsigliere incaricato ai sensi dell&#8217;articolo 30 dello Statuto Comunale<br \/>\n<em>(<a href=\"http:\/\/trasparenza.bordighera.it\/wp-content\/uploads\/2025\/01\/incarico-Cons.-Gnutti-prot.n.1491-2025.pdf\">incarico Cons. Gnutti &#8211; prot.n.1491-2025<\/a>)<br \/>\n( link <a href=\"http:\/\/trasparenza.bordighera.it\/wp-content\/uploads\/2025\/04\/dich.sost_.-Stefano-Gnutti.pdf\">dich.sost. Stefano Gnutti<\/a>)<\/em><\/p>\n<p>Sig.ra Laura Pastore &#8211; Vice Presidente del Consiglio Comunale <em>(<a href=\"http:\/\/trasparenza.bordighera.it\/wp-content\/uploads\/2023\/10\/C.V.-Laura-Pastore.pdf\">curriculum Laura Pastore<\/a>)<\/em><br \/>\nDurata del mandato: scadenza mandato sindaco<br \/>\nCompensi di qualsiasi natura connessi alla carica: gettoni di presenza;<br \/>\n( link <em><a href=\"http:\/\/trasparenza.bordighera.it\/wp-content\/uploads\/2025\/04\/dich.sost_.-Laura-Pastore.pdf\">dich.sost. Laura Pastore<\/a><\/em>)<\/p>\n<p>Dott.ssa Marzia Baldassarre &#8211;\u00a0 Consigliere (<em><a href=\"http:\/\/trasparenza.bordighera.it\/wp-content\/uploads\/2023\/12\/C.V.-Marzia-Baldassarre.pdf\">curriculum Marzia Baldassarre<\/a><\/em>)<br \/>\nDurata del mandato: scadenza mandato sindaco<br \/>\nCompensi di qualsiasi natura connessi alla carica: gettoni di presenza;<br \/>\n( link )<\/p>\n<p>Sig.ra Barbara Bonavia &#8211;\u00a0 Consigliere <em>(<a href=\"http:\/\/trasparenza.bordighera.it\/wp-content\/uploads\/2023\/10\/C.V.-Barbara-Bonavia.pdf\">curriculum Barbara Bonavia<\/a>)<\/em><br \/>\nDurata del mandato: scadenza mandato sindaco<br \/>\nCompensi di qualsiasi natura connessi alla carica: gettoni di presenza;<br \/>\nConsigliere incaricato ai sensi dell&#8217;articolo 30 dello Statuto Comunale<br \/>\n<em>(<a href=\"http:\/\/trasparenza.bordighera.it\/wp-content\/uploads\/2025\/01\/incarico-Cons.-Bonavia-prot.n.39515-2024.pdf\">incarico Cons. Bonavia-prot.n.39515-2024<\/a>)<br \/>\n(<\/em>link <em><a href=\"http:\/\/trasparenza.bordighera.it\/wp-content\/uploads\/2025\/04\/dich.sost_.-Barbara-Bonavia.pdf\">dich.sost. Barbara Bonavia<\/a>)<br \/>\n<\/em><\/p>\n<p>Sig. Massimiliano Di Vito &#8211;\u00a0 Consigliere <em>(<a href=\"http:\/\/trasparenza.bordighera.it\/wp-content\/uploads\/2023\/10\/C.V.-Massimiliano-Di-Vito.pdf\">curriculum Massimiliano Di Vito<\/a>)<\/em><br \/>\nDurata del mandato: scadenza mandato sindaco<br \/>\nCompensi di qualsiasi natura connessi alla carica: gettoni di presenza;<br \/>\n(link <em><a href=\"http:\/\/trasparenza.bordighera.it\/wp-content\/uploads\/2025\/04\/dich.sost_.-Massimiliano-Di-Vito.pdf\">dich.sost. Massimiliano Di Vito<\/a><\/em>)<\/p>\n<p>Sig. Walter Sorriento &#8211;\u00a0 Consigliere (<em><a href=\"http:\/\/trasparenza.bordighera.it\/wp-content\/uploads\/2024\/05\/C.V.-Walter-Sorriento.pdf\">curriculum Walter Sorriento<\/a><\/em>)<br \/>\nDurata del mandato: scadenza mandato sindaco<br \/>\nCompensi di qualsiasi natura connessi alla carica: gettoni di presenza;<br \/>\n(link <em><a href=\"http:\/\/trasparenza.bordighera.it\/wp-content\/uploads\/2025\/05\/dich.sost_.-Walter-Sorriento.pdf\">dich.sost. Walter Sorriento<\/a><\/em>)<\/p>\n<p>Sig. Mauro Bozzarelli\u00a0 &#8211;\u00a0 Consigliere\u00a0 (<em><a href=\"http:\/\/trasparenza.bordighera.it\/wp-content\/uploads\/2023\/12\/C.V.-Mauro-Bozzarelli.pdf\">curriculum Mauro Bozzarelli<\/a><\/em>)<br \/>\nDurata del mandato: scadenza mandato sindaco<br \/>\nCompensi di qualsiasi natura connessi alla carica: gettoni di presenza;<br \/>\n( link <em><a href=\"http:\/\/trasparenza.bordighera.it\/wp-content\/uploads\/2025\/04\/dich.sost_.-Mauro-Bozzarelli.pdf\">dich.sost. Mauro Bozzarelli<\/a><\/em>)<\/p>\n<p>Sig. Massimiliano Bassi\u00a0 &#8211;\u00a0 Consigliere <em>(<a href=\"http:\/\/trasparenza.bordighera.it\/wp-content\/uploads\/2023\/10\/C.V.-Massimiliano-Bassi-1.pdf\">curriculum Massimiliano Bassi<\/a>) <\/em><br \/>\nDurata del mandato: scadenza mandato sindaco<br \/>\nCompensi di qualsiasi natura connessi alla carica: gettoni di presenza;<br \/>\n(link <em><a href=\"http:\/\/trasparenza.bordighera.it\/wp-content\/uploads\/2025\/04\/dich.sost_.-Massimiliano-Bassi.pdf\">dich.sost. Massimiliano Bassi<\/a><\/em>)<\/p>\n<p>Sig. Alessandro Albanese &#8211;\u00a0 Consigliere (<em><a href=\"http:\/\/trasparenza.bordighera.it\/wp-content\/uploads\/2024\/04\/C.V.-Alessandro-Albanese.pdf\">curriculum Alessandro Albanese<\/a><\/em>)<br \/>\nDurata del mandato: scadenza mandato sindaco<br \/>\nCompensi di qualsiasi natura connessi alla carica: gettoni di presenza;<br \/>\n(link <em><a href=\"http:\/\/trasparenza.bordighera.it\/wp-content\/uploads\/2025\/05\/dich.sostit.-Albanese.pdf\">dich.sostit. Alessandro Albanese<\/a><\/em>)<\/p>\n<p>Sig. Fulvio Debenedetti &#8211;\u00a0 Consigliere <em>(<a href=\"http:\/\/trasparenza.bordighera.it\/wp-content\/uploads\/2023\/10\/C.V.-Fulvio-Debenedetti.pdf\">curriculum Fulvio Debenedetti<\/a>)<\/em><br \/>\nDurata del mandato: scadenza mandato sindaco<br \/>\nCompensi di qualsiasi natura connessi alla carica: gettoni di presenza;<br \/>\n(link <em><a href=\"http:\/\/trasparenza.bordighera.it\/wp-content\/uploads\/2025\/12\/dich.sost_.-Fulvio-Debenedetti.pdf\">dich.sost. Fulvio Debenedetti<\/a><\/em>)<\/p>\n<p>Sig.ra\u00a0 Sara Piantoni &#8211; \u00a0Consigliere <em>(<a href=\"http:\/\/trasparenza.bordighera.it\/wp-content\/uploads\/2023\/10\/C.V.-Sara-Piantoni.pdf\">curriculum Sara Piantoni<\/a>)<br \/>\n<\/em>Durata del mandato: scadenza mandato sindaco<br \/>\nCompensi di qualsiasi natura connessi alla carica: gettoni di presenza;<br \/>\n(link <em><a href=\"http:\/\/trasparenza.bordighera.it\/wp-content\/uploads\/2025\/04\/dich.sost_.-Sara-Piantoni.pdf\">dich.sost. Sara Piantoni<\/a><\/em>)<\/p>\n<p>Sig. Giuseppe\u00a0 Trucchi\u00a0 &#8211;\u00a0 Consigliere\u00a0 &#8211; \u00a0Consigliere <em>(<a href=\"http:\/\/trasparenza.bordighera.it\/wp-content\/uploads\/2023\/10\/C.V.-Giuseppe-Trucchi.pdf\">curriculum Giuseppe Trucchi<\/a>)<\/em><br \/>\nDurata del mandato: scadenza mandato sindaco<br \/>\nCompensi di qualsiasi natura connessi alla carica: gettoni di presenza;<br \/>\n(link <em><a href=\"http:\/\/trasparenza.bordighera.it\/wp-content\/uploads\/2025\/04\/dich.-sost.-Giuseppe-Trucchi.pdf\">dich. sost. Giuseppe Trucchi<\/a><\/em>)<\/p>\n<p>&nbsp;<\/p>\n","protected":false},"excerpt":{"rendered":"<p>Oltre ai sottoelencati Consiglieri il Consiglio Comunale \u00e8 composto dal Sindaco e dai membri della Giunta Comunale il cui elenco \u00e8 visibile qui. Attenzione: la pagina \u00e8 in corso di aggiornamento. Dott. Vittorio Ingenito &#8211; Sindaco (curriculum Vittorio Ingenito) Durata del mandato: 5 anni dal 15 maggio 2023 Compensi di qualsiasi natura connessi alla carica: [&hellip;]<\/p>\n","protected":false},"author":1,"featured_media":0,"parent":14232,"menu_order":1,"comment_status":"closed","ping_status":"closed","template":"","meta":{"footnotes":""},"yoast_head":"<!-- This site is optimized with the Yoast SEO plugin v23.5 - https:\/\/yoast.com\/wordpress\/plugins\/seo\/ -->\n<title>Consiglio Comunale - 2023\/2025 - Comune di Bordighera<\/title>\n<meta name=\"robots\" content=\"index, follow, max-snippet:-1, max-image-preview:large, max-video-preview:-1\" \/>\n<link rel=\"canonical\" href=\"https:\/\/trasparenza.bordighera.it\/index.php\/amministrazione-2\/consiglio-comunale-2023-2028\/\" \/>\n<meta property=\"og:locale\" content=\"it_IT\" \/>\n<meta property=\"og:type\" content=\"article\" \/>\n<meta property=\"og:title\" content=\"Consiglio Comunale - 2023\/2025 - Comune di Bordighera\" \/>\n<meta property=\"og:description\" content=\"Oltre ai sottoelencati Consiglieri il Consiglio Comunale \u00e8 composto dal Sindaco e dai membri della Giunta Comunale il cui elenco \u00e8 visibile qui. Attenzione: la pagina \u00e8 in corso di aggiornamento. Dott. Vittorio Ingenito &#8211; Sindaco (curriculum Vittorio Ingenito) Durata del mandato: 5 anni dal 15 maggio 2023 Compensi di qualsiasi natura connessi alla carica: [&hellip;]\" \/>\n<meta property=\"og:url\" content=\"https:\/\/trasparenza.bordighera.it\/index.php\/amministrazione-2\/consiglio-comunale-2023-2028\/\" \/>\n<meta property=\"og:site_name\" content=\"Comune di Bordighera\" \/>\n<meta property=\"article:modified_time\" content=\"2026-01-08T12:56:24+00:00\" \/>\n<meta name=\"twitter:label1\" content=\"Tempo di lettura stimato\" \/>\n\t<meta name=\"twitter:data1\" content=\"4 minuti\" \/>\n<script type=\"application\/ld+json\" class=\"yoast-schema-graph\">{\"@context\":\"https:\/\/schema.org\",\"@graph\":[{\"@type\":\"WebPage\",\"@id\":\"https:\/\/trasparenza.bordighera.it\/index.php\/amministrazione-2\/consiglio-comunale-2023-2028\/\",\"url\":\"https:\/\/trasparenza.bordighera.it\/index.php\/amministrazione-2\/consiglio-comunale-2023-2028\/\",\"name\":\"Consiglio Comunale - 2023\/2025 - Comune di Bordighera\",\"isPartOf\":{\"@id\":\"https:\/\/trasparenza.bordighera.it\/#website\"},\"datePublished\":\"2023-06-08T11:30:16+00:00\",\"dateModified\":\"2026-01-08T12:56:24+00:00\",\"breadcrumb\":{\"@id\":\"https:\/\/trasparenza.bordighera.it\/index.php\/amministrazione-2\/consiglio-comunale-2023-2028\/#breadcrumb\"},\"inLanguage\":\"it-IT\",\"potentialAction\":[{\"@type\":\"ReadAction\",\"target\":[\"https:\/\/trasparenza.bordighera.it\/index.php\/amministrazione-2\/consiglio-comunale-2023-2028\/\"]}]},{\"@type\":\"BreadcrumbList\",\"@id\":\"https:\/\/trasparenza.bordighera.it\/index.php\/amministrazione-2\/consiglio-comunale-2023-2028\/#breadcrumb\",\"itemListElement\":[{\"@type\":\"ListItem\",\"position\":1,\"name\":\"Home\",\"item\":\"https:\/\/trasparenza.bordighera.it\/\"},{\"@type\":\"ListItem\",\"position\":2,\"name\":\"Amministrazione\",\"item\":\"https:\/\/trasparenza.bordighera.it\/index.php\/amministrazione-2\/\"},{\"@type\":\"ListItem\",\"position\":3,\"name\":\"Consiglio Comunale &#8211; 2023\/2025\"}]},{\"@type\":\"WebSite\",\"@id\":\"https:\/\/trasparenza.bordighera.it\/#website\",\"url\":\"https:\/\/trasparenza.bordighera.it\/\",\"name\":\"Comune di Bordighera\",\"description\":\"Sito Istituzionale del Comune di Bordighera (IM)\",\"potentialAction\":[{\"@type\":\"SearchAction\",\"target\":{\"@type\":\"EntryPoint\",\"urlTemplate\":\"https:\/\/trasparenza.bordighera.it\/?s={search_term_string}\"},\"query-input\":{\"@type\":\"PropertyValueSpecification\",\"valueRequired\":true,\"valueName\":\"search_term_string\"}}],\"inLanguage\":\"it-IT\"}]}<\/script>\n<!-- \/ Yoast SEO plugin. -->","yoast_head_json":{"title":"Consiglio Comunale - 2023\/2025 - Comune di Bordighera","robots":{"index":"index","follow":"follow","max-snippet":"max-snippet:-1","max-image-preview":"max-image-preview:large","max-video-preview":"max-video-preview:-1"},"canonical":"https:\/\/trasparenza.bordighera.it\/index.php\/amministrazione-2\/consiglio-comunale-2023-2028\/","og_locale":"it_IT","og_type":"article","og_title":"Consiglio Comunale - 2023\/2025 - Comune di Bordighera","og_description":"Oltre ai sottoelencati Consiglieri il Consiglio Comunale \u00e8 composto dal Sindaco e dai membri della Giunta Comunale il cui elenco \u00e8 visibile qui. Attenzione: la pagina \u00e8 in corso di aggiornamento. Dott. Vittorio Ingenito &#8211; Sindaco (curriculum Vittorio Ingenito) Durata del mandato: 5 anni dal 15 maggio 2023 Compensi di qualsiasi natura connessi alla carica: [&hellip;]","og_url":"https:\/\/trasparenza.bordighera.it\/index.php\/amministrazione-2\/consiglio-comunale-2023-2028\/","og_site_name":"Comune di Bordighera","article_modified_time":"2026-01-08T12:56:24+00:00","twitter_misc":{"Tempo di lettura stimato":"4 minuti"},"schema":{"@context":"https:\/\/schema.org","@graph":[{"@type":"WebPage","@id":"https:\/\/trasparenza.bordighera.it\/index.php\/amministrazione-2\/consiglio-comunale-2023-2028\/","url":"https:\/\/trasparenza.bordighera.it\/index.php\/amministrazione-2\/consiglio-comunale-2023-2028\/","name":"Consiglio Comunale - 2023\/2025 - Comune di Bordighera","isPartOf":{"@id":"https:\/\/trasparenza.bordighera.it\/#website"},"datePublished":"2023-06-08T11:30:16+00:00","dateModified":"2026-01-08T12:56:24+00:00","breadcrumb":{"@id":"https:\/\/trasparenza.bordighera.it\/index.php\/amministrazione-2\/consiglio-comunale-2023-2028\/#breadcrumb"},"inLanguage":"it-IT","potentialAction":[{"@type":"ReadAction","target":["https:\/\/trasparenza.bordighera.it\/index.php\/amministrazione-2\/consiglio-comunale-2023-2028\/"]}]},{"@type":"BreadcrumbList","@id":"https:\/\/trasparenza.bordighera.it\/index.php\/amministrazione-2\/consiglio-comunale-2023-2028\/#breadcrumb","itemListElement":[{"@type":"ListItem","position":1,"name":"Home","item":"https:\/\/trasparenza.bordighera.it\/"},{"@type":"ListItem","position":2,"name":"Amministrazione","item":"https:\/\/trasparenza.bordighera.it\/index.php\/amministrazione-2\/"},{"@type":"ListItem","position":3,"name":"Consiglio Comunale &#8211; 2023\/2025"}]},{"@type":"WebSite","@id":"https:\/\/trasparenza.bordighera.it\/#website","url":"https:\/\/trasparenza.bordighera.it\/","name":"Comune di Bordighera","description":"Sito Istituzionale del Comune di Bordighera (IM)","potentialAction":[{"@type":"SearchAction","target":{"@type":"EntryPoint","urlTemplate":"https:\/\/trasparenza.bordighera.it\/?s={search_term_string}"},"query-input":{"@type":"PropertyValueSpecification","valueRequired":true,"valueName":"search_term_string"}}],"inLanguage":"it-IT"}]}},"_links":{"self":[{"href":"https:\/\/trasparenza.bordighera.it\/index.php\/wp-json\/wp\/v2\/pages\/11591"}],"collection":[{"href":"https:\/\/trasparenza.bordighera.it\/index.php\/wp-json\/wp\/v2\/pages"}],"about":[{"href":"https:\/\/trasparenza.bordighera.it\/index.php\/wp-json\/wp\/v2\/types\/page"}],"author":[{"embeddable":true,"href":"https:\/\/trasparenza.bordighera.it\/index.php\/wp-json\/wp\/v2\/users\/1"}],"replies":[{"embeddable":true,"href":"https:\/\/trasparenza.bordighera.it\/index.php\/wp-json\/wp\/v2\/comments?post=11591"}],"version-history":[{"count":59,"href":"https:\/\/trasparenza.bordighera.it\/index.php\/wp-json\/wp\/v2\/pages\/11591\/revisions"}],"predecessor-version":[{"id":16344,"href":"https:\/\/trasparenza.bordighera.it\/index.php\/wp-json\/wp\/v2\/pages\/11591\/revisions\/16344"}],"up":[{"embeddable":true,"href":"https:\/\/trasparenza.bordighera.it\/index.php\/wp-json\/wp\/v2\/pages\/14232"}],"wp:attachment":[{"href":"https:\/\/trasparenza.bordighera.it\/index.php\/wp-json\/wp\/v2\/media?parent=11591"}],"curies":[{"name":"wp","href":"https:\/\/api.w.org\/{rel}","templated":true}]}}